{"id":5775,"date":"2018-11-18T20:56:14","date_gmt":"2018-11-19T00:56:14","guid":{"rendered":"http:\/\/www.hidronor.cl\/?page_id=5775"},"modified":"2019-01-23T19:51:45","modified_gmt":"2019-01-23T23:51:45","slug":"caracterizacion-analisis-residuos","status":"publish","type":"page","link":"https:\/\/www.hidronor.cl\/en\/residuos-peligrosos\/caracterizacion-analisis-residuos\/","title":{"rendered":"Caracterizaci\u00f3n y An\u00e1lisis de Residuos"},"content":{"rendered":"<div class=\"wrapper-text-servicio\">\n<p>Este servicio tiene como principal objetivo brindar una orientaci\u00f3n respecto de la identificaci\u00f3n de las caracter\u00edsticas de peligrosidad de los residuos generados en la industria. Contamos con laboratorios de an\u00e1lisis org\u00e1nico e inorg\u00e1nico, que cuentan con Certificaci\u00f3n ISO 17.025. Los principales servicios de caracterizaci\u00f3n son:<\/p>\n<ul>\n<li><strong>Determinaci\u00f3n de Peligrosidad:<\/strong> el laboratorio cuenta con est\u00e1ndares EPA, para determinar la peligrosidad de un residuo, tales como: la toxicidad extr\u00ednseca, a trav\u00e9s de m\u00e9todo TCLP (Procedimiento de lixiviaci\u00f3n toxicidad caracter\u00edstica), ensayos de reactividad, entre otros, conforme a la legislaci\u00f3n vigente (DS.148).<\/li>\n<li><strong>An\u00e1lisis de metales pesados en RILes y RISes:<\/strong> a trav\u00e9s de la aplicaci\u00f3n de la metodolog\u00eda de espectrometr\u00eda de fluorescencia de rayos X y espectroscopia de emisi\u00f3n \u00f3ptica de plasma con acoplamiento inductivo para cuantificaci\u00f3n de metales pesados.<\/li>\n<li><strong>Determination of PCBs:<\/strong> el laboratorio de Hidronor se encuentra acreditado para la determinaci\u00f3n de compuestos Bifenilos Policlorados. Estos compuestos org\u00e1nicos persistentes son altamente peligrosos para los organismos vivos debido a su alta toxicidad, bioacumulaci\u00f3n en los tejidos grasos y a la persistencia en el medio ambiente. En Chile, el uso de estos compuestos ha sido prohibido desde 1982 por resoluci\u00f3n de la Superintendencia de Electricidad y Combustibles (SEC).<\/li>\n<li><strong>An\u00e1lisis de compuestos org\u00e1nicos:<\/strong> mediante la t\u00e9cnica anal\u00edtica GC-MS, se determinan los compuestos org\u00e1nicos que puede contener un residuo de modo de orientar las alternativas de tratamientos y\/o disposici\u00f3n final para cada uno de ellos.<\/li>\n<\/ul>\n<\/div>\n<div class=\"wrapper-servicios-2\">\n<h3>Ver otros servicios<\/h3>\n<div class=\"box-servicio-2\"><a class=\"btn-servicio-2\" title=\"\" href=\"https:\/\/www.hidronor.cl\/en\/asesorias-ambientales-residuos\/\"><img decoding=\"async\" class=\"img-servicio-2\" src=\"https:\/\/www.hidronor.cl\/hidronor\/wp-content\/uploads\/2018\/11\/icon-asesorias-ambientales-en-residuos.png\" alt=\"\"><span class=\"text-btn\">Asesor\u00edas Ambientales en Residuos<\/span><\/a><\/div>\n<div class=\"box-servicio-2\"><a class=\"btn-servicio-2\" title=\"\" href=\"https:\/\/www.hidronor.cl\/en\/caracterizacion-analisis-residuos\/\"><img decoding=\"async\" class=\"img-servicio-2\" src=\"https:\/\/www.hidronor.cl\/hidronor\/wp-content\/uploads\/2018\/11\/icon-caracterizacion-y-analisis-de-residuos.png\" alt=\"\"><span class=\"text-btn\">Caracterizaci\u00f3n y An\u00e1lisis de Residuos<\/span><\/a><\/div>\n<div class=\"box-servicio-2\"><a class=\"btn-servicio-2\" title=\"\" href=\"https:\/\/www.hidronor.cl\/en\/manejo-in-situ-transporte\/\"><img decoding=\"async\" class=\"img-servicio-2\" src=\"https:\/\/www.hidronor.cl\/hidronor\/wp-content\/uploads\/2018\/11\/icon-manejo-in-situ-y-transporte.png\" alt=\"\"><span class=\"text-btn\">Manejo in situ y Transporte<\/span><\/a><\/div>\n<div class=\"box-servicio-2\"><a class=\"btn-servicio-2\" title=\"\" href=\"https:\/\/www.hidronor.cl\/en\/almacenamiento-temporal-residuos-productos\/\"><img decoding=\"async\" class=\"img-servicio-2\" src=\"https:\/\/www.hidronor.cl\/hidronor\/wp-content\/uploads\/2018\/11\/icon-almacenamiento-de-residuos.png\" alt=\"\"><span class=\"text-btn\">Almacenamiento Temporal de Residuos y Productos<\/span><\/a><\/div>\n<div class=\"box-servicio-2\"><a class=\"btn-servicio-2\" title=\"\" href=\"https:\/\/www.hidronor.cl\/en\/tratamiento-disposicion-final-residuos\/\"><img decoding=\"async\" class=\"img-servicio-2\" src=\"https:\/\/www.hidronor.cl\/hidronor\/wp-content\/uploads\/2018\/11\/icon-tratamiento-y-disposicion-final-de-residuos.png\" alt=\"\"><span class=\"text-btn\">Tratamiento y Disposici\u00f3n Final de Residuos<\/span><\/a><\/div>\n<div class=\"box-servicio-2\"><a class=\"btn-servicio-2\" title=\"\" href=\"https:\/\/www.hidronor.cl\/en\/exportacion-e-incineracion-residuos\/\"><img decoding=\"async\" class=\"img-servicio-2\" src=\"https:\/\/www.hidronor.cl\/hidronor\/wp-content\/uploads\/2018\/11\/icon-exportacion-e-incineracion-de-residuos.png\" alt=\"\"><span class=\"text-btn\">Exportaci\u00f3n e Incineraci\u00f3n de Residuos<\/span><\/a><\/div>\n<div class=\"box-servicio-2\"><a class=\"btn-servicio-2\" title=\"\" href=\"https:\/\/www.hidronor.cl\/en\/revalorizacion-energetica-recuperacion-reciclaje-residuos\/\"><img decoding=\"async\" class=\"img-servicio-2\" src=\"https:\/\/www.hidronor.cl\/hidronor\/wp-content\/uploads\/2018\/11\/icon-revalorizacion-energetica-recuperacion-y-reciclaje-de-residuos.png\" alt=\"\"><span class=\"text-btn\">Revalorizaci\u00f3n Energ\u00e9tica, Recuperaci\u00f3n y Reciclaje de Residuos<\/span><\/a><\/div>\n<div class=\"box-servicio-2\"><a class=\"btn-servicio-2\" title=\"\" href=\"https:\/\/www.hidronor.cl\/en\/gestion-productos-estandar\/\"><img decoding=\"async\" class=\"img-servicio-2\" src=\"https:\/\/www.hidronor.cl\/hidronor\/wp-content\/uploads\/2018\/11\/icon-gestion-de-productos-fuera-de-estandar.png\" alt=\"\"><span class=\"text-btn\">Gesti\u00f3n de Productos Fuera de Est\u00e1ndar<\/span><\/a><\/div>\n<div class=\"box-servicio-2\"><a class=\"btn-servicio-2\" title=\"\" href=\"https:\/\/www.hidronor.cl\/en\/desarrollo-proyectos-faenas-clientes\/\"><img decoding=\"async\" class=\"img-servicio-2\" src=\"https:\/\/www.hidronor.cl\/hidronor\/wp-content\/uploads\/2018\/11\/icon-desarrollo-de-proyectos-en-faena-de-clientes.png\" alt=\"\"><span class=\"text-btn\">Desarrollo de Proyectos en Faenas de Clientes<\/span><\/a><\/div>\n<\/div>\n<div class=\"wrapper-text\">\n<p>A continuaci\u00f3n, puedes descargar mayor informaci\u00f3n de nuestros procesos:<\/p>\n<div class=\"wrapper-botones-serv\">\n<div class=\"box-botones-serv\"><span class=\"text-serv\">Conoce m\u00e1s sobre nuestros procesos<\/span><a class=\"btn-procesos\" title=\"Nuestros procesos de servicios\" href=\"https:\/\/www.hidronor.cl\/en\/estatico\/video\/\">Corporate video<\/a><\/div>\n<div class=\"box-botones-serv\"><span class=\"text-serv\">Descargar nuestro brochure<\/span><a class=\"btn-brochure\" title=\"Saber m\u00e1s de Hidronor\" href=\"https:\/\/www.hidronor.cl\/en\/brochure\/\">Corporate Brochure<\/a><\/div>\n<div class=\"box-botones-serv\"><span class=\"text-serv\">Descargar folleto servicios<\/span><a class=\"btn-folleto\" title=\"Est\u00e1ndar de recepci\u00f3n de residuos peligrosos\" href=\"https:\/\/www.hidronor.cl\/en\/brochure_estandar_residuos_peligrosos\/\">Folleto de Recepci\u00f3n de Residuos Peligrosos<\/a><\/div>\n<\/div>\n<\/div>","protected":false},"excerpt":{"rendered":"<p>Este servicio tiene como principal objetivo brindar una orientaci\u00f3n respecto de la identificaci\u00f3n de las caracter\u00edsticas de peligrosidad de los residuos generados en la industria. Contamos con laboratorios de an\u00e1lisis org\u00e1nico e inorg\u00e1nico, que cuentan con Certificaci\u00f3n ISO 17.025. Los principales servicios de caracterizaci\u00f3n son: Determinaci\u00f3n de Peligrosidad: el laboratorio cuenta con est\u00e1ndares EPA, para [&hellip;]<\/p>","protected":false},"author":6,"featured_media":5918,"parent":538,"menu_order":0,"comment_status":"closed","ping_status":"closed","template":"page-producto.php","meta":{"_exactmetrics_skip_tracking":false,"_exactmetrics_sitenote_active":false,"_exactmetrics_sitenote_note":"","_exactmetrics_sitenote_category":0,"footnotes":""},"class_list":["post-5775","page","type-page","status-publish","has-post-thumbnail","hentry"],"yoast_head":"<!-- This site is optimized with the Yoast SEO plugin v26.1.1 - https:\/\/yoast.com\/wordpress\/plugins\/seo\/ -->\n<title>Caracterizaci\u00f3n y An\u00e1lisis de Residuos - Hidronor<\/title>\n<meta name=\"description\" content=\"Especialistas en implementar medidas de remediaci\u00f3n y saneamiento de suelos contaminados, contribuyendo al cuidado del medio ambiente y el crecimiento sustentable del pa\u00eds.\" \/>\n<meta name=\"robots\" content=\"index, follow, max-snippet:-1, max-image-preview:large, max-video-preview:-1\" \/>\n<link rel=\"canonical\" href=\"https:\/\/www.hidronor.cl\/en\/residuos-peligrosos\/caracterizacion-analisis-residuos\/\" \/>\n<meta property=\"og:locale\" content=\"en_GB\" \/>\n<meta property=\"og:type\" content=\"article\" \/>\n<meta property=\"og:title\" content=\"Caracterizaci\u00f3n y An\u00e1lisis de Residuos - Hidronor\" \/>\n<meta property=\"og:description\" content=\"Especialistas en implementar medidas de remediaci\u00f3n y saneamiento de suelos contaminados, contribuyendo al cuidado del medio ambiente y el crecimiento sustentable del pa\u00eds.\" \/>\n<meta property=\"og:url\" content=\"https:\/\/www.hidronor.cl\/en\/residuos-peligrosos\/caracterizacion-analisis-residuos\/\" \/>\n<meta property=\"og:site_name\" content=\"Hidronor\" \/>\n<meta property=\"article:modified_time\" content=\"2019-01-23T23:51:45+00:00\" \/>\n<meta property=\"og:image\" content=\"https:\/\/www.hidronor.cl\/hidronor\/wp-content\/uploads\/2018\/11\/caracterizacion-y-analisis-de-residuos.jpg\" \/>\n\t<meta property=\"og:image:width\" content=\"720\" \/>\n\t<meta property=\"og:image:height\" content=\"200\" \/>\n\t<meta property=\"og:image:type\" content=\"image\/jpeg\" \/>\n<meta name=\"twitter:label1\" content=\"Estimated reading time\" \/>\n\t<meta name=\"twitter:data1\" content=\"2 minutes\" \/>\n<script type=\"application\/ld+json\" class=\"yoast-schema-graph\">{\"@context\":\"https:\/\/schema.org\",\"@graph\":[{\"@type\":[\"Article\",\"BlogPosting\"],\"@id\":\"https:\/\/www.hidronor.cl\/en\/residuos-peligrosos\/caracterizacion-analisis-residuos\/#article\",\"isPartOf\":{\"@id\":\"https:\/\/www.hidronor.cl\/en\/residuos-peligrosos\/caracterizacion-analisis-residuos\/\"},\"author\":{\"name\":\"Administrador Hidronor\",\"@id\":\"https:\/\/www.hidronor.cl\/#\/schema\/person\/723f06d01cbf02ac1cadc3226322c86c\"},\"headline\":\"Caracterizaci\u00f3n y An\u00e1lisis de Residuos\",\"datePublished\":\"2018-11-19T00:56:14+00:00\",\"dateModified\":\"2019-01-23T23:51:45+00:00\",\"mainEntityOfPage\":{\"@id\":\"https:\/\/www.hidronor.cl\/en\/residuos-peligrosos\/caracterizacion-analisis-residuos\/\"},\"wordCount\":367,\"publisher\":{\"@id\":\"https:\/\/www.hidronor.cl\/#organization\"},\"image\":{\"@id\":\"https:\/\/www.hidronor.cl\/en\/residuos-peligrosos\/caracterizacion-analisis-residuos\/#primaryimage\"},\"thumbnailUrl\":\"https:\/\/www.hidronor.cl\/hidronor\/wp-content\/uploads\/2018\/11\/caracterizacion-y-analisis-de-residuos.jpg\",\"inLanguage\":\"en-GB\"},{\"@type\":\"WebPage\",\"@id\":\"https:\/\/www.hidronor.cl\/en\/residuos-peligrosos\/caracterizacion-analisis-residuos\/\",\"url\":\"https:\/\/www.hidronor.cl\/en\/residuos-peligrosos\/caracterizacion-analisis-residuos\/\",\"name\":\"Caracterizaci\u00f3n y An\u00e1lisis de Residuos - Hidronor\",\"isPartOf\":{\"@id\":\"https:\/\/www.hidronor.cl\/#website\"},\"primaryImageOfPage\":{\"@id\":\"https:\/\/www.hidronor.cl\/en\/residuos-peligrosos\/caracterizacion-analisis-residuos\/#primaryimage\"},\"image\":{\"@id\":\"https:\/\/www.hidronor.cl\/en\/residuos-peligrosos\/caracterizacion-analisis-residuos\/#primaryimage\"},\"thumbnailUrl\":\"https:\/\/www.hidronor.cl\/hidronor\/wp-content\/uploads\/2018\/11\/caracterizacion-y-analisis-de-residuos.jpg\",\"datePublished\":\"2018-11-19T00:56:14+00:00\",\"dateModified\":\"2019-01-23T23:51:45+00:00\",\"description\":\"Especialistas en implementar medidas de remediaci\u00f3n y saneamiento de suelos contaminados, contribuyendo al cuidado del medio ambiente y el crecimiento sustentable del pa\u00eds.\",\"breadcrumb\":{\"@id\":\"https:\/\/www.hidronor.cl\/en\/residuos-peligrosos\/caracterizacion-analisis-residuos\/#breadcrumb\"},\"inLanguage\":\"en-GB\",\"potentialAction\":[{\"@type\":\"ReadAction\",\"target\":[\"https:\/\/www.hidronor.cl\/en\/residuos-peligrosos\/caracterizacion-analisis-residuos\/\"]}]},{\"@type\":\"ImageObject\",\"inLanguage\":\"en-GB\",\"@id\":\"https:\/\/www.hidronor.cl\/en\/residuos-peligrosos\/caracterizacion-analisis-residuos\/#primaryimage\",\"url\":\"https:\/\/www.hidronor.cl\/hidronor\/wp-content\/uploads\/2018\/11\/caracterizacion-y-analisis-de-residuos.jpg\",\"contentUrl\":\"https:\/\/www.hidronor.cl\/hidronor\/wp-content\/uploads\/2018\/11\/caracterizacion-y-analisis-de-residuos.jpg\",\"width\":720,\"height\":200},{\"@type\":\"BreadcrumbList\",\"@id\":\"https:\/\/www.hidronor.cl\/en\/residuos-peligrosos\/caracterizacion-analisis-residuos\/#breadcrumb\",\"itemListElement\":[{\"@type\":\"ListItem\",\"position\":1,\"name\":\"Home\",\"item\":\"https:\/\/www.hidronor.cl\/\"},{\"@type\":\"ListItem\",\"position\":2,\"name\":\"SOLUCIONES INTEGRALES\",\"item\":\"https:\/\/www.hidronor.cl\/en\/?page_id=538\"},{\"@type\":\"ListItem\",\"position\":3,\"name\":\"Caracterizaci\u00f3n y An\u00e1lisis de Residuos\"}]},{\"@type\":\"WebSite\",\"@id\":\"https:\/\/www.hidronor.cl\/#website\",\"url\":\"https:\/\/www.hidronor.cl\/\",\"name\":\"Hidronor\",\"description\":\"Especialistas en Tratamiento de Residuos Industriales\",\"publisher\":{\"@id\":\"https:\/\/www.hidronor.cl\/#organization\"},\"alternateName\":\"Hidronor\",\"potentialAction\":[{\"@type\":\"SearchAction\",\"target\":{\"@type\":\"EntryPoint\",\"urlTemplate\":\"https:\/\/www.hidronor.cl\/?s={search_term_string}\"},\"query-input\":{\"@type\":\"PropertyValueSpecification\",\"valueRequired\":true,\"valueName\":\"search_term_string\"}}],\"inLanguage\":\"en-GB\"},{\"@type\":\"Organization\",\"@id\":\"https:\/\/www.hidronor.cl\/#organization\",\"name\":\"Hidronor - Especialistas en gesti\u00f3n y tratamiento de Residuos\",\"alternateName\":\"Hidronor\",\"url\":\"https:\/\/www.hidronor.cl\/\",\"logo\":{\"@type\":\"ImageObject\",\"inLanguage\":\"en-GB\",\"@id\":\"https:\/\/www.hidronor.cl\/#\/schema\/logo\/image\/\",\"url\":\"https:\/\/www.hidronor.cl\/hidronor\/wp-content\/uploads\/2022\/12\/Hidronor-1.png\",\"contentUrl\":\"https:\/\/www.hidronor.cl\/hidronor\/wp-content\/uploads\/2022\/12\/Hidronor-1.png\",\"width\":1230,\"height\":650,\"caption\":\"Hidronor - Especialistas en gesti\u00f3n y tratamiento de Residuos\"},\"image\":{\"@id\":\"https:\/\/www.hidronor.cl\/#\/schema\/logo\/image\/\"},\"sameAs\":[\"https:\/\/www.youtube.com\/channel\/UCabqS9jT4mTFEIT_Zv8mFCg\/videos\",\"https:\/\/www.linkedin.com\/company\/hidronor\/\",\"https:\/\/www.instagram.com\/hidronor_chile\/\"]},{\"@type\":\"Person\",\"@id\":\"https:\/\/www.hidronor.cl\/#\/schema\/person\/723f06d01cbf02ac1cadc3226322c86c\",\"name\":\"Administrador Hidronor\",\"image\":{\"@type\":\"ImageObject\",\"inLanguage\":\"en-GB\",\"@id\":\"https:\/\/www.hidronor.cl\/#\/schema\/person\/image\/\",\"url\":\"https:\/\/secure.gravatar.com\/avatar\/fcd23317b6650caa3f0fc5dc2e71f7ca8c60d996e5798fcec8118fc67909638b?s=96&d=mm&r=g\",\"contentUrl\":\"https:\/\/secure.gravatar.com\/avatar\/fcd23317b6650caa3f0fc5dc2e71f7ca8c60d996e5798fcec8118fc67909638b?s=96&d=mm&r=g\",\"caption\":\"Administrador Hidronor\"},\"sameAs\":[\"https:\/\/www.hidronor.cl\"]}]}<\/script>\n<!-- \/ Yoast SEO plugin. -->","yoast_head_json":{"title":"Caracterizaci\u00f3n y An\u00e1lisis de Residuos - Hidronor","description":"Especialistas en implementar medidas de remediaci\u00f3n y saneamiento de suelos contaminados, contribuyendo al cuidado del medio ambiente y el crecimiento sustentable del pa\u00eds.","robots":{"index":"index","follow":"follow","max-snippet":"max-snippet:-1","max-image-preview":"max-image-preview:large","max-video-preview":"max-video-preview:-1"},"canonical":"https:\/\/www.hidronor.cl\/en\/residuos-peligrosos\/caracterizacion-analisis-residuos\/","og_locale":"en_GB","og_type":"article","og_title":"Caracterizaci\u00f3n y An\u00e1lisis de Residuos - Hidronor","og_description":"Especialistas en implementar medidas de remediaci\u00f3n y saneamiento de suelos contaminados, contribuyendo al cuidado del medio ambiente y el crecimiento sustentable del pa\u00eds.","og_url":"https:\/\/www.hidronor.cl\/en\/residuos-peligrosos\/caracterizacion-analisis-residuos\/","og_site_name":"Hidronor","article_modified_time":"2019-01-23T23:51:45+00:00","og_image":[{"width":720,"height":200,"url":"https:\/\/www.hidronor.cl\/hidronor\/wp-content\/uploads\/2018\/11\/caracterizacion-y-analisis-de-residuos.jpg","type":"image\/jpeg"}],"twitter_misc":{"Estimated reading time":"2 minutes"},"schema":{"@context":"https:\/\/schema.org","@graph":[{"@type":["Article","BlogPosting"],"@id":"https:\/\/www.hidronor.cl\/en\/residuos-peligrosos\/caracterizacion-analisis-residuos\/#article","isPartOf":{"@id":"https:\/\/www.hidronor.cl\/en\/residuos-peligrosos\/caracterizacion-analisis-residuos\/"},"author":{"name":"Administrador Hidronor","@id":"https:\/\/www.hidronor.cl\/#\/schema\/person\/723f06d01cbf02ac1cadc3226322c86c"},"headline":"Caracterizaci\u00f3n y An\u00e1lisis de Residuos","datePublished":"2018-11-19T00:56:14+00:00","dateModified":"2019-01-23T23:51:45+00:00","mainEntityOfPage":{"@id":"https:\/\/www.hidronor.cl\/en\/residuos-peligrosos\/caracterizacion-analisis-residuos\/"},"wordCount":367,"publisher":{"@id":"https:\/\/www.hidronor.cl\/#organization"},"image":{"@id":"https:\/\/www.hidronor.cl\/en\/residuos-peligrosos\/caracterizacion-analisis-residuos\/#primaryimage"},"thumbnailUrl":"https:\/\/www.hidronor.cl\/hidronor\/wp-content\/uploads\/2018\/11\/caracterizacion-y-analisis-de-residuos.jpg","inLanguage":"en-GB"},{"@type":"WebPage","@id":"https:\/\/www.hidronor.cl\/en\/residuos-peligrosos\/caracterizacion-analisis-residuos\/","url":"https:\/\/www.hidronor.cl\/en\/residuos-peligrosos\/caracterizacion-analisis-residuos\/","name":"Caracterizaci\u00f3n y An\u00e1lisis de Residuos - Hidronor","isPartOf":{"@id":"https:\/\/www.hidronor.cl\/#website"},"primaryImageOfPage":{"@id":"https:\/\/www.hidronor.cl\/en\/residuos-peligrosos\/caracterizacion-analisis-residuos\/#primaryimage"},"image":{"@id":"https:\/\/www.hidronor.cl\/en\/residuos-peligrosos\/caracterizacion-analisis-residuos\/#primaryimage"},"thumbnailUrl":"https:\/\/www.hidronor.cl\/hidronor\/wp-content\/uploads\/2018\/11\/caracterizacion-y-analisis-de-residuos.jpg","datePublished":"2018-11-19T00:56:14+00:00","dateModified":"2019-01-23T23:51:45+00:00","description":"Especialistas en implementar medidas de remediaci\u00f3n y saneamiento de suelos contaminados, contribuyendo al cuidado del medio ambiente y el crecimiento sustentable del pa\u00eds.","breadcrumb":{"@id":"https:\/\/www.hidronor.cl\/en\/residuos-peligrosos\/caracterizacion-analisis-residuos\/#breadcrumb"},"inLanguage":"en-GB","potentialAction":[{"@type":"ReadAction","target":["https:\/\/www.hidronor.cl\/en\/residuos-peligrosos\/caracterizacion-analisis-residuos\/"]}]},{"@type":"ImageObject","inLanguage":"en-GB","@id":"https:\/\/www.hidronor.cl\/en\/residuos-peligrosos\/caracterizacion-analisis-residuos\/#primaryimage","url":"https:\/\/www.hidronor.cl\/hidronor\/wp-content\/uploads\/2018\/11\/caracterizacion-y-analisis-de-residuos.jpg","contentUrl":"https:\/\/www.hidronor.cl\/hidronor\/wp-content\/uploads\/2018\/11\/caracterizacion-y-analisis-de-residuos.jpg","width":720,"height":200},{"@type":"BreadcrumbList","@id":"https:\/\/www.hidronor.cl\/en\/residuos-peligrosos\/caracterizacion-analisis-residuos\/#breadcrumb","itemListElement":[{"@type":"ListItem","position":1,"name":"Home","item":"https:\/\/www.hidronor.cl\/"},{"@type":"ListItem","position":2,"name":"SOLUCIONES INTEGRALES","item":"https:\/\/www.hidronor.cl\/en\/?page_id=538"},{"@type":"ListItem","position":3,"name":"Caracterizaci\u00f3n y An\u00e1lisis de Residuos"}]},{"@type":"WebSite","@id":"https:\/\/www.hidronor.cl\/#website","url":"https:\/\/www.hidronor.cl\/","name":"Hidronor","description":"Especialistas en Tratamiento de Residuos Industriales","publisher":{"@id":"https:\/\/www.hidronor.cl\/#organization"},"alternateName":"Hidronor","potentialAction":[{"@type":"SearchAction","target":{"@type":"EntryPoint","urlTemplate":"https:\/\/www.hidronor.cl\/?s={search_term_string}"},"query-input":{"@type":"PropertyValueSpecification","valueRequired":true,"valueName":"search_term_string"}}],"inLanguage":"en-GB"},{"@type":"Organization","@id":"https:\/\/www.hidronor.cl\/#organization","name":"Hidronor - Especialistas en gesti\u00f3n y tratamiento de Residuos","alternateName":"Hidronor","url":"https:\/\/www.hidronor.cl\/","logo":{"@type":"ImageObject","inLanguage":"en-GB","@id":"https:\/\/www.hidronor.cl\/#\/schema\/logo\/image\/","url":"https:\/\/www.hidronor.cl\/hidronor\/wp-content\/uploads\/2022\/12\/Hidronor-1.png","contentUrl":"https:\/\/www.hidronor.cl\/hidronor\/wp-content\/uploads\/2022\/12\/Hidronor-1.png","width":1230,"height":650,"caption":"Hidronor - Especialistas en gesti\u00f3n y tratamiento de Residuos"},"image":{"@id":"https:\/\/www.hidronor.cl\/#\/schema\/logo\/image\/"},"sameAs":["https:\/\/www.youtube.com\/channel\/UCabqS9jT4mTFEIT_Zv8mFCg\/videos","https:\/\/www.linkedin.com\/company\/hidronor\/","https:\/\/www.instagram.com\/hidronor_chile\/"]},{"@type":"Person","@id":"https:\/\/www.hidronor.cl\/#\/schema\/person\/723f06d01cbf02ac1cadc3226322c86c","name":"Administrador Hidronor","image":{"@type":"ImageObject","inLanguage":"en-GB","@id":"https:\/\/www.hidronor.cl\/#\/schema\/person\/image\/","url":"https:\/\/secure.gravatar.com\/avatar\/fcd23317b6650caa3f0fc5dc2e71f7ca8c60d996e5798fcec8118fc67909638b?s=96&d=mm&r=g","contentUrl":"https:\/\/secure.gravatar.com\/avatar\/fcd23317b6650caa3f0fc5dc2e71f7ca8c60d996e5798fcec8118fc67909638b?s=96&d=mm&r=g","caption":"Administrador Hidronor"},"sameAs":["https:\/\/www.hidronor.cl"]}]}},"_links":{"self":[{"href":"https:\/\/www.hidronor.cl\/en\/wp-json\/wp\/v2\/pages\/5775","targetHints":{"allow":["GET"]}}],"collection":[{"href":"https:\/\/www.hidronor.cl\/en\/wp-json\/wp\/v2\/pages"}],"about":[{"href":"https:\/\/www.hidronor.cl\/en\/wp-json\/wp\/v2\/types\/page"}],"author":[{"embeddable":true,"href":"https:\/\/www.hidronor.cl\/en\/wp-json\/wp\/v2\/users\/6"}],"replies":[{"embeddable":true,"href":"https:\/\/www.hidronor.cl\/en\/wp-json\/wp\/v2\/comments?post=5775"}],"version-history":[{"count":0,"href":"https:\/\/www.hidronor.cl\/en\/wp-json\/wp\/v2\/pages\/5775\/revisions"}],"up":[{"embeddable":true,"href":"https:\/\/www.hidronor.cl\/en\/wp-json\/wp\/v2\/pages\/538"}],"wp:featuredmedia":[{"embeddable":true,"href":"https:\/\/www.hidronor.cl\/en\/wp-json\/wp\/v2\/media\/5918"}],"wp:attachment":[{"href":"https:\/\/www.hidronor.cl\/en\/wp-json\/wp\/v2\/media?parent=5775"}],"curies":[{"name":"wp","href":"https:\/\/api.w.org\/{rel}","templated":true}]}}