{"id":5798,"date":"2018-11-19T14:05:10","date_gmt":"2018-11-19T18:05:10","guid":{"rendered":"http:\/\/www.hidronor.cl\/?page_id=5798"},"modified":"2019-01-23T19:41:08","modified_gmt":"2019-01-23T23:41:08","slug":"tratamiento-disposicion-final-residuos","status":"publish","type":"page","link":"https:\/\/www.hidronor.cl\/en\/residuos-peligrosos\/tratamiento-disposicion-final-residuos\/","title":{"rendered":"Tratamiento y Disposici\u00f3n Final de Residuos"},"content":{"rendered":"<div class=\"wrapper-text-servicio\">\n<ul>\n<li><strong>Residuos Industriales L\u00edquidos (RILes): peligrosos y no peligrosos<\/strong>\n<ul>\n<li><strong>L\u00ednea de Tratamiento F\u00edsico Qu\u00edmico<\/strong><br \/>\n<strong>Process description:<\/strong> esta l\u00ednea de tratamiento tiene como principal objetivo el tratamiento de Residuos L\u00edquidos Industriales, mayoritariamente de tipo inorg\u00e1nico; los cuales a trav\u00e9s de diferentes operaciones y reacciones de neutralizaci\u00f3n, \u00f3xido-reducci\u00f3n, precipitaci\u00f3n de metales, separaci\u00f3n s\u00f3lido-l\u00edquido, entre otras, logran abatir su carga contaminante. Como resultado obtenemos un RIL que es reutilizado en nuestros procesos productivos. Algunos de los residuos tratados en esta l\u00ednea, entre otros, son: \u00e1cidos agotados, RILes alcalinos, RILes de procesos, aguas de lavado de equipos e instalaciones, ba\u00f1os cr\u00f3micos, aguas de lavado de gases, entre otros.<\/li>\n<\/ul>\n<\/li>\n<li><strong>Residuos Industriales S\u00f3lidos (RISes): peligrosos y no peligrosos<\/strong>\n<ul>\n<li><strong>L\u00ednea de Tratamiento de Inertizaci\u00f3n<\/strong><br \/>\n<strong>Process description:<\/strong> su objeto principal es reducir el riesgo potencial de un residuo, mediante el paso de sus elementos contaminantes a formas de menor movilidad, solubilidad y\/o toxicidad utilizando tratamientos como la inactivaci\u00f3n\/estabilizaci\u00f3n de los residuos. Para la inactivaci\u00f3n\/estabilizaci\u00f3n de los residuos se utilizan tratamientos como la neutralizaci\u00f3n y reacciones de \u00f3xido-reducci\u00f3n, con el fin de eliminar o disminuir las caracter\u00edsticas de peligrosidad de un residuo. Adicionalmente, se utilizan t\u00e9cnicas como la solidificaci\u00f3n y encapsulamiento, donde se eliminan los l\u00edquidos libres y encapsulan los constituyentes peligrosos de los residuos. Algunos de los residuos tratados en esta l\u00ednea, entre otros, son: materias primas no utilizables, adsorbentes agotados, catalizadores desactivados, cenizas y polvos de filtros, precipitadores o ciclones, lodos y borras con metales pesados, productos fuera de especificaci\u00f3n, entre otros.<\/li>\n<li><strong>Dep\u00f3sito de Seguridad<\/strong><br \/>\n<strong>Process description:<\/strong> el Dep\u00f3sito de Seguridad es una instalaci\u00f3n de eliminaci\u00f3n destinada a la disposici\u00f3n final de residuos s\u00f3lidos, dise\u00f1ado y construido, de manera de cumplir con los requisitos espec\u00edficos de la legislaci\u00f3n vigente (DS 148). Para ello se utiliza un sistema de doble impermeabilizaci\u00f3n y drenaje, sistema de detecci\u00f3n de fugas, sistema recolector de lixiviados y verificaciones de calidad de \u00e9stos. Los residuos depositados son verificados de modo que cumplan con criterios de aceptaci\u00f3n, tales como: residuos compatibles en una misma celda, residuos que no provoquen asentamientos o da\u00f1os al sistema de impermeabilizaci\u00f3n. Adem\u00e1s, para asegurar su correcto funcionamiento se realizan los monitoreos espec\u00edficos, seg\u00fan lo estipulado en la legislaci\u00f3n y la resoluci\u00f3n ambiental vigente.<\/li>\n<\/ul>\n<\/li>\n<\/ul>\n<\/div>\n<div class=\"wrapper-servicios-2\">\n<h3>Ver otros servicios<\/h3>\n<div class=\"box-servicio-2\"><a class=\"btn-servicio-2\" title=\"\" href=\"https:\/\/www.hidronor.cl\/en\/asesorias-ambientales-residuos\/\"><img decoding=\"async\" class=\"img-servicio-2\" src=\"https:\/\/www.hidronor.cl\/hidronor\/wp-content\/uploads\/2018\/11\/icon-asesorias-ambientales-en-residuos.png\" alt=\"\"><span class=\"text-btn\">Asesor\u00edas Ambientales en Residuos<\/span><\/a><\/div>\n<div class=\"box-servicio-2\"><a class=\"btn-servicio-2\" title=\"\" href=\"https:\/\/www.hidronor.cl\/en\/caracterizacion-analisis-residuos\/\"><img decoding=\"async\" class=\"img-servicio-2\" src=\"https:\/\/www.hidronor.cl\/hidronor\/wp-content\/uploads\/2018\/11\/icon-caracterizacion-y-analisis-de-residuos.png\" alt=\"\"><span class=\"text-btn\">Caracterizaci\u00f3n y An\u00e1lisis de Residuos<\/span><\/a><\/div>\n<div class=\"box-servicio-2\"><a class=\"btn-servicio-2\" title=\"\" href=\"https:\/\/www.hidronor.cl\/en\/manejo-in-situ-transporte\/\"><img decoding=\"async\" class=\"img-servicio-2\" src=\"https:\/\/www.hidronor.cl\/hidronor\/wp-content\/uploads\/2018\/11\/icon-manejo-in-situ-y-transporte.png\" alt=\"\"><span class=\"text-btn\">Manejo in situ y Transporte<\/span><\/a><\/div>\n<div class=\"box-servicio-2\"><a class=\"btn-servicio-2\" title=\"\" href=\"https:\/\/www.hidronor.cl\/en\/almacenamiento-temporal-residuos-productos\/\"><img decoding=\"async\" class=\"img-servicio-2\" src=\"https:\/\/www.hidronor.cl\/hidronor\/wp-content\/uploads\/2018\/11\/icon-almacenamiento-de-residuos.png\" alt=\"\"><span class=\"text-btn\">Almacenamiento Temporal de Residuos y Productos<\/span><\/a><\/div>\n<div class=\"box-servicio-2\"><a class=\"btn-servicio-2\" title=\"\" href=\"https:\/\/www.hidronor.cl\/en\/tratamiento-disposicion-final-residuos\/\"><img decoding=\"async\" class=\"img-servicio-2\" src=\"https:\/\/www.hidronor.cl\/hidronor\/wp-content\/uploads\/2018\/11\/icon-tratamiento-y-disposicion-final-de-residuos.png\" alt=\"\"><span class=\"text-btn\">Tratamiento y Disposici\u00f3n Final de Residuos<\/span><\/a><\/div>\n<div class=\"box-servicio-2\"><a class=\"btn-servicio-2\" title=\"\" href=\"https:\/\/www.hidronor.cl\/en\/exportacion-e-incineracion-residuos\/\"><img decoding=\"async\" class=\"img-servicio-2\" src=\"https:\/\/www.hidronor.cl\/hidronor\/wp-content\/uploads\/2018\/11\/icon-exportacion-e-incineracion-de-residuos.png\" alt=\"\"><span class=\"text-btn\">Exportaci\u00f3n e Incineraci\u00f3n de Residuos<\/span><\/a><\/div>\n<div class=\"box-servicio-2\"><a class=\"btn-servicio-2\" title=\"\" href=\"https:\/\/www.hidronor.cl\/en\/revalorizacion-energetica-recuperacion-reciclaje-residuos\/\"><img decoding=\"async\" class=\"img-servicio-2\" src=\"https:\/\/www.hidronor.cl\/hidronor\/wp-content\/uploads\/2018\/11\/icon-revalorizacion-energetica-recuperacion-y-reciclaje-de-residuos.png\" alt=\"\"><span class=\"text-btn\">Revalorizaci\u00f3n Energ\u00e9tica, Recuperaci\u00f3n y Reciclaje de Residuos<\/span><\/a><\/div>\n<div class=\"box-servicio-2\"><a class=\"btn-servicio-2\" title=\"\" href=\"https:\/\/www.hidronor.cl\/en\/gestion-productos-estandar\/\"><img decoding=\"async\" class=\"img-servicio-2\" src=\"https:\/\/www.hidronor.cl\/hidronor\/wp-content\/uploads\/2018\/11\/icon-gestion-de-productos-fuera-de-estandar.png\" alt=\"\"><span class=\"text-btn\">Gesti\u00f3n de Productos Fuera de Est\u00e1ndar<\/span><\/a><\/div>\n<div class=\"box-servicio-2\"><a class=\"btn-servicio-2\" title=\"\" href=\"https:\/\/www.hidronor.cl\/en\/desarrollo-proyectos-faenas-clientes\/\"><img decoding=\"async\" class=\"img-servicio-2\" src=\"https:\/\/www.hidronor.cl\/hidronor\/wp-content\/uploads\/2018\/11\/icon-desarrollo-de-proyectos-en-faena-de-clientes.png\" alt=\"\"><span class=\"text-btn\">Desarrollo de Proyectos en Faenas de Clientes<\/span><\/a><\/div>\n<\/div>\n<div class=\"wrapper-text\">\n<p>A continuaci\u00f3n, puedes descargar mayor informaci\u00f3n de nuestros procesos:<\/p>\n<div class=\"wrapper-botones-serv\">\n<div class=\"box-botones-serv\"><span class=\"text-serv\">Conoce m\u00e1s sobre nuestros procesos<\/span><a class=\"btn-procesos\" title=\"Nuestros procesos de servicios\" href=\"https:\/\/www.hidronor.cl\/en\/estatico\/video\/\">Corporate video<\/a><\/div>\n<div class=\"box-botones-serv\"><span class=\"text-serv\">Descargar nuestro brochure<\/span><a class=\"btn-brochure\" title=\"Saber m\u00e1s de Hidronor\" href=\"https:\/\/www.hidronor.cl\/en\/brochure\/\">Corporate Brochure<\/a><\/div>\n<div class=\"box-botones-serv\"><span class=\"text-serv\">Descargar folleto servicios<\/span><a class=\"btn-folleto\" title=\"Est\u00e1ndar de recepci\u00f3n de residuos peligrosos\" href=\"https:\/\/www.hidronor.cl\/en\/brochure_estandar_residuos_peligrosos\/\">Folleto de Recepci\u00f3n de Residuos Peligrosos<\/a><\/div>\n<\/div>\n<\/div>","protected":false},"excerpt":{"rendered":"<p>Residuos Industriales L\u00edquidos (RILes): peligrosos y no peligrosos L\u00ednea de Tratamiento F\u00edsico Qu\u00edmico Descripci\u00f3n del proceso: esta l\u00ednea de tratamiento tiene como principal objetivo el tratamiento de Residuos L\u00edquidos Industriales, mayoritariamente de tipo inorg\u00e1nico; los cuales a trav\u00e9s de diferentes operaciones y reacciones de neutralizaci\u00f3n, \u00f3xido-reducci\u00f3n, precipitaci\u00f3n de metales, separaci\u00f3n s\u00f3lido-l\u00edquido, entre otras, logran abatir [&hellip;]<\/p>","protected":false},"author":6,"featured_media":5912,"parent":538,"menu_order":0,"comment_status":"closed","ping_status":"closed","template":"page-producto.php","meta":{"_exactmetrics_skip_tracking":false,"_exactmetrics_sitenote_active":false,"_exactmetrics_sitenote_note":"","_exactmetrics_sitenote_category":0,"footnotes":""},"class_list":["post-5798","page","type-page","status-publish","has-post-thumbnail","hentry"],"yoast_head":"<!-- This site is optimized with the Yoast SEO plugin v26.1.1 - https:\/\/yoast.com\/wordpress\/plugins\/seo\/ -->\n<title>Tratamiento y Disposici\u00f3n Final de Residuos - Hidronor<\/title>\n<meta name=\"description\" content=\"Especialistas en implementar medidas de remediaci\u00f3n y saneamiento de suelos contaminados, contribuyendo al cuidado del medio ambiente y el crecimiento sustentable del pa\u00eds.\" \/>\n<meta name=\"robots\" content=\"index, follow, max-snippet:-1, max-image-preview:large, max-video-preview:-1\" \/>\n<link rel=\"canonical\" href=\"https:\/\/www.hidronor.cl\/en\/residuos-peligrosos\/tratamiento-disposicion-final-residuos\/\" \/>\n<meta property=\"og:locale\" content=\"en_GB\" \/>\n<meta property=\"og:type\" content=\"article\" \/>\n<meta property=\"og:title\" content=\"Tratamiento y Disposici\u00f3n Final de Residuos - Hidronor\" \/>\n<meta property=\"og:description\" content=\"Especialistas en implementar medidas de remediaci\u00f3n y saneamiento de suelos contaminados, contribuyendo al cuidado del medio ambiente y el crecimiento sustentable del pa\u00eds.\" \/>\n<meta property=\"og:url\" content=\"https:\/\/www.hidronor.cl\/en\/residuos-peligrosos\/tratamiento-disposicion-final-residuos\/\" \/>\n<meta property=\"og:site_name\" content=\"Hidronor\" \/>\n<meta property=\"article:modified_time\" content=\"2019-01-23T23:41:08+00:00\" \/>\n<meta property=\"og:image\" content=\"https:\/\/www.hidronor.cl\/hidronor\/wp-content\/uploads\/2018\/11\/tratamiento-y-disposicion-final-de-residuos.jpg\" \/>\n\t<meta property=\"og:image:width\" content=\"720\" \/>\n\t<meta property=\"og:image:height\" content=\"200\" \/>\n\t<meta property=\"og:image:type\" content=\"image\/jpeg\" \/>\n<meta name=\"twitter:label1\" content=\"Estimated reading time\" \/>\n\t<meta name=\"twitter:data1\" content=\"3 minutes\" \/>\n<script type=\"application\/ld+json\" class=\"yoast-schema-graph\">{\"@context\":\"https:\/\/schema.org\",\"@graph\":[{\"@type\":[\"Article\",\"BlogPosting\"],\"@id\":\"https:\/\/www.hidronor.cl\/en\/residuos-peligrosos\/tratamiento-disposicion-final-residuos\/#article\",\"isPartOf\":{\"@id\":\"https:\/\/www.hidronor.cl\/en\/residuos-peligrosos\/tratamiento-disposicion-final-residuos\/\"},\"author\":{\"name\":\"Administrador Hidronor\",\"@id\":\"https:\/\/www.hidronor.cl\/#\/schema\/person\/723f06d01cbf02ac1cadc3226322c86c\"},\"headline\":\"Tratamiento y Disposici\u00f3n Final de Residuos\",\"datePublished\":\"2018-11-19T18:05:10+00:00\",\"dateModified\":\"2019-01-23T23:41:08+00:00\",\"mainEntityOfPage\":{\"@id\":\"https:\/\/www.hidronor.cl\/en\/residuos-peligrosos\/tratamiento-disposicion-final-residuos\/\"},\"wordCount\":528,\"publisher\":{\"@id\":\"https:\/\/www.hidronor.cl\/#organization\"},\"image\":{\"@id\":\"https:\/\/www.hidronor.cl\/en\/residuos-peligrosos\/tratamiento-disposicion-final-residuos\/#primaryimage\"},\"thumbnailUrl\":\"https:\/\/www.hidronor.cl\/hidronor\/wp-content\/uploads\/2018\/11\/tratamiento-y-disposicion-final-de-residuos.jpg\",\"inLanguage\":\"en-GB\"},{\"@type\":\"WebPage\",\"@id\":\"https:\/\/www.hidronor.cl\/en\/residuos-peligrosos\/tratamiento-disposicion-final-residuos\/\",\"url\":\"https:\/\/www.hidronor.cl\/en\/residuos-peligrosos\/tratamiento-disposicion-final-residuos\/\",\"name\":\"Tratamiento y Disposici\u00f3n Final de Residuos - Hidronor\",\"isPartOf\":{\"@id\":\"https:\/\/www.hidronor.cl\/#website\"},\"primaryImageOfPage\":{\"@id\":\"https:\/\/www.hidronor.cl\/en\/residuos-peligrosos\/tratamiento-disposicion-final-residuos\/#primaryimage\"},\"image\":{\"@id\":\"https:\/\/www.hidronor.cl\/en\/residuos-peligrosos\/tratamiento-disposicion-final-residuos\/#primaryimage\"},\"thumbnailUrl\":\"https:\/\/www.hidronor.cl\/hidronor\/wp-content\/uploads\/2018\/11\/tratamiento-y-disposicion-final-de-residuos.jpg\",\"datePublished\":\"2018-11-19T18:05:10+00:00\",\"dateModified\":\"2019-01-23T23:41:08+00:00\",\"description\":\"Especialistas en implementar medidas de remediaci\u00f3n y saneamiento de suelos contaminados, contribuyendo al cuidado del medio ambiente y el crecimiento sustentable del pa\u00eds.\",\"breadcrumb\":{\"@id\":\"https:\/\/www.hidronor.cl\/en\/residuos-peligrosos\/tratamiento-disposicion-final-residuos\/#breadcrumb\"},\"inLanguage\":\"en-GB\",\"potentialAction\":[{\"@type\":\"ReadAction\",\"target\":[\"https:\/\/www.hidronor.cl\/en\/residuos-peligrosos\/tratamiento-disposicion-final-residuos\/\"]}]},{\"@type\":\"ImageObject\",\"inLanguage\":\"en-GB\",\"@id\":\"https:\/\/www.hidronor.cl\/en\/residuos-peligrosos\/tratamiento-disposicion-final-residuos\/#primaryimage\",\"url\":\"https:\/\/www.hidronor.cl\/hidronor\/wp-content\/uploads\/2018\/11\/tratamiento-y-disposicion-final-de-residuos.jpg\",\"contentUrl\":\"https:\/\/www.hidronor.cl\/hidronor\/wp-content\/uploads\/2018\/11\/tratamiento-y-disposicion-final-de-residuos.jpg\",\"width\":720,\"height\":200},{\"@type\":\"BreadcrumbList\",\"@id\":\"https:\/\/www.hidronor.cl\/en\/residuos-peligrosos\/tratamiento-disposicion-final-residuos\/#breadcrumb\",\"itemListElement\":[{\"@type\":\"ListItem\",\"position\":1,\"name\":\"Home\",\"item\":\"https:\/\/www.hidronor.cl\/\"},{\"@type\":\"ListItem\",\"position\":2,\"name\":\"SOLUCIONES INTEGRALES\",\"item\":\"https:\/\/www.hidronor.cl\/en\/?page_id=538\"},{\"@type\":\"ListItem\",\"position\":3,\"name\":\"Tratamiento y Disposici\u00f3n Final de Residuos\"}]},{\"@type\":\"WebSite\",\"@id\":\"https:\/\/www.hidronor.cl\/#website\",\"url\":\"https:\/\/www.hidronor.cl\/\",\"name\":\"Hidronor\",\"description\":\"Especialistas en Tratamiento de Residuos Industriales\",\"publisher\":{\"@id\":\"https:\/\/www.hidronor.cl\/#organization\"},\"alternateName\":\"Hidronor\",\"potentialAction\":[{\"@type\":\"SearchAction\",\"target\":{\"@type\":\"EntryPoint\",\"urlTemplate\":\"https:\/\/www.hidronor.cl\/?s={search_term_string}\"},\"query-input\":{\"@type\":\"PropertyValueSpecification\",\"valueRequired\":true,\"valueName\":\"search_term_string\"}}],\"inLanguage\":\"en-GB\"},{\"@type\":\"Organization\",\"@id\":\"https:\/\/www.hidronor.cl\/#organization\",\"name\":\"Hidronor - Especialistas en gesti\u00f3n y tratamiento de Residuos\",\"alternateName\":\"Hidronor\",\"url\":\"https:\/\/www.hidronor.cl\/\",\"logo\":{\"@type\":\"ImageObject\",\"inLanguage\":\"en-GB\",\"@id\":\"https:\/\/www.hidronor.cl\/#\/schema\/logo\/image\/\",\"url\":\"https:\/\/www.hidronor.cl\/hidronor\/wp-content\/uploads\/2022\/12\/Hidronor-1.png\",\"contentUrl\":\"https:\/\/www.hidronor.cl\/hidronor\/wp-content\/uploads\/2022\/12\/Hidronor-1.png\",\"width\":1230,\"height\":650,\"caption\":\"Hidronor - Especialistas en gesti\u00f3n y tratamiento de Residuos\"},\"image\":{\"@id\":\"https:\/\/www.hidronor.cl\/#\/schema\/logo\/image\/\"},\"sameAs\":[\"https:\/\/www.youtube.com\/channel\/UCabqS9jT4mTFEIT_Zv8mFCg\/videos\",\"https:\/\/www.linkedin.com\/company\/hidronor\/\",\"https:\/\/www.instagram.com\/hidronor_chile\/\"]},{\"@type\":\"Person\",\"@id\":\"https:\/\/www.hidronor.cl\/#\/schema\/person\/723f06d01cbf02ac1cadc3226322c86c\",\"name\":\"Administrador Hidronor\",\"image\":{\"@type\":\"ImageObject\",\"inLanguage\":\"en-GB\",\"@id\":\"https:\/\/www.hidronor.cl\/#\/schema\/person\/image\/\",\"url\":\"https:\/\/secure.gravatar.com\/avatar\/fcd23317b6650caa3f0fc5dc2e71f7ca8c60d996e5798fcec8118fc67909638b?s=96&d=mm&r=g\",\"contentUrl\":\"https:\/\/secure.gravatar.com\/avatar\/fcd23317b6650caa3f0fc5dc2e71f7ca8c60d996e5798fcec8118fc67909638b?s=96&d=mm&r=g\",\"caption\":\"Administrador Hidronor\"},\"sameAs\":[\"https:\/\/www.hidronor.cl\"]}]}<\/script>\n<!-- \/ Yoast SEO plugin. -->","yoast_head_json":{"title":"Tratamiento y Disposici\u00f3n Final de Residuos - Hidronor","description":"Especialistas en implementar medidas de remediaci\u00f3n y saneamiento de suelos contaminados, contribuyendo al cuidado del medio ambiente y el crecimiento sustentable del pa\u00eds.","robots":{"index":"index","follow":"follow","max-snippet":"max-snippet:-1","max-image-preview":"max-image-preview:large","max-video-preview":"max-video-preview:-1"},"canonical":"https:\/\/www.hidronor.cl\/en\/residuos-peligrosos\/tratamiento-disposicion-final-residuos\/","og_locale":"en_GB","og_type":"article","og_title":"Tratamiento y Disposici\u00f3n Final de Residuos - Hidronor","og_description":"Especialistas en implementar medidas de remediaci\u00f3n y saneamiento de suelos contaminados, contribuyendo al cuidado del medio ambiente y el crecimiento sustentable del pa\u00eds.","og_url":"https:\/\/www.hidronor.cl\/en\/residuos-peligrosos\/tratamiento-disposicion-final-residuos\/","og_site_name":"Hidronor","article_modified_time":"2019-01-23T23:41:08+00:00","og_image":[{"width":720,"height":200,"url":"https:\/\/www.hidronor.cl\/hidronor\/wp-content\/uploads\/2018\/11\/tratamiento-y-disposicion-final-de-residuos.jpg","type":"image\/jpeg"}],"twitter_misc":{"Estimated reading time":"3 minutes"},"schema":{"@context":"https:\/\/schema.org","@graph":[{"@type":["Article","BlogPosting"],"@id":"https:\/\/www.hidronor.cl\/en\/residuos-peligrosos\/tratamiento-disposicion-final-residuos\/#article","isPartOf":{"@id":"https:\/\/www.hidronor.cl\/en\/residuos-peligrosos\/tratamiento-disposicion-final-residuos\/"},"author":{"name":"Administrador Hidronor","@id":"https:\/\/www.hidronor.cl\/#\/schema\/person\/723f06d01cbf02ac1cadc3226322c86c"},"headline":"Tratamiento y Disposici\u00f3n Final de Residuos","datePublished":"2018-11-19T18:05:10+00:00","dateModified":"2019-01-23T23:41:08+00:00","mainEntityOfPage":{"@id":"https:\/\/www.hidronor.cl\/en\/residuos-peligrosos\/tratamiento-disposicion-final-residuos\/"},"wordCount":528,"publisher":{"@id":"https:\/\/www.hidronor.cl\/#organization"},"image":{"@id":"https:\/\/www.hidronor.cl\/en\/residuos-peligrosos\/tratamiento-disposicion-final-residuos\/#primaryimage"},"thumbnailUrl":"https:\/\/www.hidronor.cl\/hidronor\/wp-content\/uploads\/2018\/11\/tratamiento-y-disposicion-final-de-residuos.jpg","inLanguage":"en-GB"},{"@type":"WebPage","@id":"https:\/\/www.hidronor.cl\/en\/residuos-peligrosos\/tratamiento-disposicion-final-residuos\/","url":"https:\/\/www.hidronor.cl\/en\/residuos-peligrosos\/tratamiento-disposicion-final-residuos\/","name":"Tratamiento y Disposici\u00f3n Final de Residuos - Hidronor","isPartOf":{"@id":"https:\/\/www.hidronor.cl\/#website"},"primaryImageOfPage":{"@id":"https:\/\/www.hidronor.cl\/en\/residuos-peligrosos\/tratamiento-disposicion-final-residuos\/#primaryimage"},"image":{"@id":"https:\/\/www.hidronor.cl\/en\/residuos-peligrosos\/tratamiento-disposicion-final-residuos\/#primaryimage"},"thumbnailUrl":"https:\/\/www.hidronor.cl\/hidronor\/wp-content\/uploads\/2018\/11\/tratamiento-y-disposicion-final-de-residuos.jpg","datePublished":"2018-11-19T18:05:10+00:00","dateModified":"2019-01-23T23:41:08+00:00","description":"Especialistas en implementar medidas de remediaci\u00f3n y saneamiento de suelos contaminados, contribuyendo al cuidado del medio ambiente y el crecimiento sustentable del pa\u00eds.","breadcrumb":{"@id":"https:\/\/www.hidronor.cl\/en\/residuos-peligrosos\/tratamiento-disposicion-final-residuos\/#breadcrumb"},"inLanguage":"en-GB","potentialAction":[{"@type":"ReadAction","target":["https:\/\/www.hidronor.cl\/en\/residuos-peligrosos\/tratamiento-disposicion-final-residuos\/"]}]},{"@type":"ImageObject","inLanguage":"en-GB","@id":"https:\/\/www.hidronor.cl\/en\/residuos-peligrosos\/tratamiento-disposicion-final-residuos\/#primaryimage","url":"https:\/\/www.hidronor.cl\/hidronor\/wp-content\/uploads\/2018\/11\/tratamiento-y-disposicion-final-de-residuos.jpg","contentUrl":"https:\/\/www.hidronor.cl\/hidronor\/wp-content\/uploads\/2018\/11\/tratamiento-y-disposicion-final-de-residuos.jpg","width":720,"height":200},{"@type":"BreadcrumbList","@id":"https:\/\/www.hidronor.cl\/en\/residuos-peligrosos\/tratamiento-disposicion-final-residuos\/#breadcrumb","itemListElement":[{"@type":"ListItem","position":1,"name":"Home","item":"https:\/\/www.hidronor.cl\/"},{"@type":"ListItem","position":2,"name":"SOLUCIONES INTEGRALES","item":"https:\/\/www.hidronor.cl\/en\/?page_id=538"},{"@type":"ListItem","position":3,"name":"Tratamiento y Disposici\u00f3n Final de Residuos"}]},{"@type":"WebSite","@id":"https:\/\/www.hidronor.cl\/#website","url":"https:\/\/www.hidronor.cl\/","name":"Hidronor","description":"Especialistas en Tratamiento de Residuos Industriales","publisher":{"@id":"https:\/\/www.hidronor.cl\/#organization"},"alternateName":"Hidronor","potentialAction":[{"@type":"SearchAction","target":{"@type":"EntryPoint","urlTemplate":"https:\/\/www.hidronor.cl\/?s={search_term_string}"},"query-input":{"@type":"PropertyValueSpecification","valueRequired":true,"valueName":"search_term_string"}}],"inLanguage":"en-GB"},{"@type":"Organization","@id":"https:\/\/www.hidronor.cl\/#organization","name":"Hidronor - Especialistas en gesti\u00f3n y tratamiento de Residuos","alternateName":"Hidronor","url":"https:\/\/www.hidronor.cl\/","logo":{"@type":"ImageObject","inLanguage":"en-GB","@id":"https:\/\/www.hidronor.cl\/#\/schema\/logo\/image\/","url":"https:\/\/www.hidronor.cl\/hidronor\/wp-content\/uploads\/2022\/12\/Hidronor-1.png","contentUrl":"https:\/\/www.hidronor.cl\/hidronor\/wp-content\/uploads\/2022\/12\/Hidronor-1.png","width":1230,"height":650,"caption":"Hidronor - Especialistas en gesti\u00f3n y tratamiento de Residuos"},"image":{"@id":"https:\/\/www.hidronor.cl\/#\/schema\/logo\/image\/"},"sameAs":["https:\/\/www.youtube.com\/channel\/UCabqS9jT4mTFEIT_Zv8mFCg\/videos","https:\/\/www.linkedin.com\/company\/hidronor\/","https:\/\/www.instagram.com\/hidronor_chile\/"]},{"@type":"Person","@id":"https:\/\/www.hidronor.cl\/#\/schema\/person\/723f06d01cbf02ac1cadc3226322c86c","name":"Administrador Hidronor","image":{"@type":"ImageObject","inLanguage":"en-GB","@id":"https:\/\/www.hidronor.cl\/#\/schema\/person\/image\/","url":"https:\/\/secure.gravatar.com\/avatar\/fcd23317b6650caa3f0fc5dc2e71f7ca8c60d996e5798fcec8118fc67909638b?s=96&d=mm&r=g","contentUrl":"https:\/\/secure.gravatar.com\/avatar\/fcd23317b6650caa3f0fc5dc2e71f7ca8c60d996e5798fcec8118fc67909638b?s=96&d=mm&r=g","caption":"Administrador Hidronor"},"sameAs":["https:\/\/www.hidronor.cl"]}]}},"_links":{"self":[{"href":"https:\/\/www.hidronor.cl\/en\/wp-json\/wp\/v2\/pages\/5798","targetHints":{"allow":["GET"]}}],"collection":[{"href":"https:\/\/www.hidronor.cl\/en\/wp-json\/wp\/v2\/pages"}],"about":[{"href":"https:\/\/www.hidronor.cl\/en\/wp-json\/wp\/v2\/types\/page"}],"author":[{"embeddable":true,"href":"https:\/\/www.hidronor.cl\/en\/wp-json\/wp\/v2\/users\/6"}],"replies":[{"embeddable":true,"href":"https:\/\/www.hidronor.cl\/en\/wp-json\/wp\/v2\/comments?post=5798"}],"version-history":[{"count":0,"href":"https:\/\/www.hidronor.cl\/en\/wp-json\/wp\/v2\/pages\/5798\/revisions"}],"up":[{"embeddable":true,"href":"https:\/\/www.hidronor.cl\/en\/wp-json\/wp\/v2\/pages\/538"}],"wp:featuredmedia":[{"embeddable":true,"href":"https:\/\/www.hidronor.cl\/en\/wp-json\/wp\/v2\/media\/5912"}],"wp:attachment":[{"href":"https:\/\/www.hidronor.cl\/en\/wp-json\/wp\/v2\/media?parent=5798"}],"curies":[{"name":"wp","href":"https:\/\/api.w.org\/{rel}","templated":true}]}}