{"id":714,"date":"2014-03-18T15:37:15","date_gmt":"2014-03-18T15:37:15","guid":{"rendered":"http:\/\/www.dgtl.cl\/hidronor\/web\/home\/wordpress\/?page_id=714"},"modified":"2015-05-10T04:18:34","modified_gmt":"2015-05-10T04:18:34","slug":"decreto-supremo","status":"publish","type":"page","link":"https:\/\/www.hidronor.cl\/en\/decreto-supremo\/","title":{"rendered":"DECRETO SUPREMO N\u00b0 148 (2003)"},"content":{"rendered":"<div class=\"container-content\" style=\"padding: 20px;\">Conoce el Decreto Supremo N\u00b0148 (2003) el cual fija\u00a0los criterios para la clasificaci\u00f3n de los residuos como peligrosos, y entrega tambi\u00e9n los procedimientos anal\u00edticos para determinar dichas caracter\u00edsticas de peligrosidad. Asimismo, establece listados que permitir\u00e1n a las empresas identificar de una manera simplificada los residuos peligrosos que generan. Adem\u00e1s de, establecer criterios para la clasificaci\u00f3n de los residuos peligrosos y las responsabilidades para los Generadores, Transportistas y Destinatarios de estos.<\/div>\n<div class=\"container-content\" style=\"padding: 20px;\"><a href=\"https:\/\/www.hidronor.cl\/pdf\/DecretoSupremo_148.pdf\" target=\"_blank\">Decreto Supremo N\u00b0148 (2003)<\/a><\/div>","protected":false},"excerpt":{"rendered":"<p>Conoce el Decreto Supremo N\u00b0148 (2003) el cual fija\u00a0los criterios para la clasificaci\u00f3n de los residuos como peligrosos, y entrega tambi\u00e9n los procedimientos anal\u00edticos para determinar dichas caracter\u00edsticas de peligrosidad. Asimismo, establece listados que permitir\u00e1n a las empresas identificar de una manera simplificada los residuos peligrosos que generan. Adem\u00e1s de, establecer criterios para la clasificaci\u00f3n [&hellip;]<\/p>","protected":false},"author":7,"featured_media":1776,"parent":0,"menu_order":7,"comment_status":"closed","ping_status":"closed","template":"page-slideBotonera.php","meta":{"_exactmetrics_skip_tracking":false,"_exactmetrics_sitenote_active":false,"_exactmetrics_sitenote_note":"","_exactmetrics_sitenote_category":0,"footnotes":""},"class_list":["post-714","page","type-page","status-publish","has-post-thumbnail","hentry"],"yoast_head":"<!-- This site is optimized with the Yoast SEO plugin v26.1.1 - https:\/\/yoast.com\/wordpress\/plugins\/seo\/ -->\n<title>DECRETO SUPREMO N\u00b0 148 (2003) - Hidronor<\/title>\n<meta name=\"description\" content=\"Conoce el Decreto Supremo N\u00b0148 (2003) el cual fija los criterios de Hidronor chile para la clasificaci\u00f3n y an\u00e1lisis de los residuos como peligrosos.\" \/>\n<meta name=\"robots\" content=\"index, follow, max-snippet:-1, max-image-preview:large, max-video-preview:-1\" \/>\n<link rel=\"canonical\" href=\"https:\/\/www.hidronor.cl\/en\/decreto-supremo\/\" \/>\n<meta property=\"og:locale\" content=\"en_GB\" \/>\n<meta property=\"og:type\" content=\"article\" \/>\n<meta property=\"og:title\" content=\"DECRETO SUPREMO N\u00b0 148 (2003) - Hidronor\" \/>\n<meta property=\"og:description\" content=\"Conoce el Decreto Supremo N\u00b0148 (2003) el cual fija los criterios de Hidronor chile para la clasificaci\u00f3n y an\u00e1lisis de los residuos como peligrosos.\" \/>\n<meta property=\"og:url\" content=\"https:\/\/www.hidronor.cl\/en\/decreto-supremo\/\" \/>\n<meta property=\"og:site_name\" content=\"Hidronor\" \/>\n<meta property=\"article:modified_time\" content=\"2015-05-10T04:18:34+00:00\" \/>\n<meta property=\"og:image\" content=\"https:\/\/www.hidronor.cl\/hidronor\/wp-content\/uploads\/2014\/03\/decreto_supremo1.jpg\" \/>\n\t<meta property=\"og:image:width\" content=\"700\" \/>\n\t<meta property=\"og:image:height\" content=\"446\" \/>\n\t<meta property=\"og:image:type\" content=\"image\/jpeg\" \/>\n<script type=\"application\/ld+json\" class=\"yoast-schema-graph\">{\"@context\":\"https:\/\/schema.org\",\"@graph\":[{\"@type\":[\"Article\",\"BlogPosting\"],\"@id\":\"https:\/\/www.hidronor.cl\/decreto-supremo\/#article\",\"isPartOf\":{\"@id\":\"https:\/\/www.hidronor.cl\/decreto-supremo\/\"},\"author\":{\"name\":\"Carlos Cisternas\",\"@id\":\"https:\/\/www.hidronor.cl\/#\/schema\/person\/dbfcc05e6afc0d69ed28244083d173b1\"},\"headline\":\"DECRETO SUPREMO N\u00b0 148 (2003)\",\"datePublished\":\"2014-03-18T15:37:15+00:00\",\"dateModified\":\"2015-05-10T04:18:34+00:00\",\"mainEntityOfPage\":{\"@id\":\"https:\/\/www.hidronor.cl\/decreto-supremo\/\"},\"wordCount\":83,\"publisher\":{\"@id\":\"https:\/\/www.hidronor.cl\/#organization\"},\"image\":{\"@id\":\"https:\/\/www.hidronor.cl\/decreto-supremo\/#primaryimage\"},\"thumbnailUrl\":\"https:\/\/www.hidronor.cl\/hidronor\/wp-content\/uploads\/2014\/03\/decreto_supremo1.jpg\",\"inLanguage\":\"en-GB\"},{\"@type\":\"WebPage\",\"@id\":\"https:\/\/www.hidronor.cl\/decreto-supremo\/\",\"url\":\"https:\/\/www.hidronor.cl\/decreto-supremo\/\",\"name\":\"DECRETO SUPREMO N\u00b0 148 (2003) - Hidronor\",\"isPartOf\":{\"@id\":\"https:\/\/www.hidronor.cl\/#website\"},\"primaryImageOfPage\":{\"@id\":\"https:\/\/www.hidronor.cl\/decreto-supremo\/#primaryimage\"},\"image\":{\"@id\":\"https:\/\/www.hidronor.cl\/decreto-supremo\/#primaryimage\"},\"thumbnailUrl\":\"https:\/\/www.hidronor.cl\/hidronor\/wp-content\/uploads\/2014\/03\/decreto_supremo1.jpg\",\"datePublished\":\"2014-03-18T15:37:15+00:00\",\"dateModified\":\"2015-05-10T04:18:34+00:00\",\"description\":\"Conoce el Decreto Supremo N\u00b0148 (2003) el cual fija los criterios de Hidronor chile para la clasificaci\u00f3n y an\u00e1lisis de los residuos como peligrosos.\",\"breadcrumb\":{\"@id\":\"https:\/\/www.hidronor.cl\/decreto-supremo\/#breadcrumb\"},\"inLanguage\":\"en-GB\",\"potentialAction\":[{\"@type\":\"ReadAction\",\"target\":[\"https:\/\/www.hidronor.cl\/decreto-supremo\/\"]}]},{\"@type\":\"ImageObject\",\"inLanguage\":\"en-GB\",\"@id\":\"https:\/\/www.hidronor.cl\/decreto-supremo\/#primaryimage\",\"url\":\"https:\/\/www.hidronor.cl\/hidronor\/wp-content\/uploads\/2014\/03\/decreto_supremo1.jpg\",\"contentUrl\":\"https:\/\/www.hidronor.cl\/hidronor\/wp-content\/uploads\/2014\/03\/decreto_supremo1.jpg\",\"width\":700,\"height\":446,\"caption\":\"decretos supremo 148\"},{\"@type\":\"BreadcrumbList\",\"@id\":\"https:\/\/www.hidronor.cl\/decreto-supremo\/#breadcrumb\",\"itemListElement\":[{\"@type\":\"ListItem\",\"position\":1,\"name\":\"Home\",\"item\":\"https:\/\/www.hidronor.cl\/\"},{\"@type\":\"ListItem\",\"position\":2,\"name\":\"DECRETO SUPREMO N\u00b0 148 (2003)\"}]},{\"@type\":\"WebSite\",\"@id\":\"https:\/\/www.hidronor.cl\/#website\",\"url\":\"https:\/\/www.hidronor.cl\/\",\"name\":\"Hidronor\",\"description\":\"Especialistas en Tratamiento de Residuos Industriales\",\"publisher\":{\"@id\":\"https:\/\/www.hidronor.cl\/#organization\"},\"alternateName\":\"Hidronor\",\"potentialAction\":[{\"@type\":\"SearchAction\",\"target\":{\"@type\":\"EntryPoint\",\"urlTemplate\":\"https:\/\/www.hidronor.cl\/?s={search_term_string}\"},\"query-input\":{\"@type\":\"PropertyValueSpecification\",\"valueRequired\":true,\"valueName\":\"search_term_string\"}}],\"inLanguage\":\"en-GB\"},{\"@type\":\"Organization\",\"@id\":\"https:\/\/www.hidronor.cl\/#organization\",\"name\":\"Hidronor - Especialistas en gesti\u00f3n y tratamiento de Residuos\",\"alternateName\":\"Hidronor\",\"url\":\"https:\/\/www.hidronor.cl\/\",\"logo\":{\"@type\":\"ImageObject\",\"inLanguage\":\"en-GB\",\"@id\":\"https:\/\/www.hidronor.cl\/#\/schema\/logo\/image\/\",\"url\":\"https:\/\/www.hidronor.cl\/hidronor\/wp-content\/uploads\/2022\/12\/Hidronor-1.png\",\"contentUrl\":\"https:\/\/www.hidronor.cl\/hidronor\/wp-content\/uploads\/2022\/12\/Hidronor-1.png\",\"width\":1230,\"height\":650,\"caption\":\"Hidronor - Especialistas en gesti\u00f3n y tratamiento de Residuos\"},\"image\":{\"@id\":\"https:\/\/www.hidronor.cl\/#\/schema\/logo\/image\/\"},\"sameAs\":[\"https:\/\/www.youtube.com\/channel\/UCabqS9jT4mTFEIT_Zv8mFCg\/videos\",\"https:\/\/www.linkedin.com\/company\/hidronor\/\",\"https:\/\/www.instagram.com\/hidronor_chile\/\"]},{\"@type\":\"Person\",\"@id\":\"https:\/\/www.hidronor.cl\/#\/schema\/person\/dbfcc05e6afc0d69ed28244083d173b1\",\"name\":\"Carlos Cisternas\",\"image\":{\"@type\":\"ImageObject\",\"inLanguage\":\"en-GB\",\"@id\":\"https:\/\/www.hidronor.cl\/#\/schema\/person\/image\/\",\"url\":\"https:\/\/secure.gravatar.com\/avatar\/ea8b18f7dc8d4f58bbca62082909fc2fac713c687a15602e85ca6d9da8e0ec21?s=96&d=mm&r=g\",\"contentUrl\":\"https:\/\/secure.gravatar.com\/avatar\/ea8b18f7dc8d4f58bbca62082909fc2fac713c687a15602e85ca6d9da8e0ec21?s=96&d=mm&r=g\",\"caption\":\"Carlos Cisternas\"},\"sameAs\":[\"https:\/\/www.hidronor.cl\"]}]}<\/script>\n<!-- \/ Yoast SEO plugin. -->","yoast_head_json":{"title":"DECRETO SUPREMO N\u00b0 148 (2003) - Hidronor","description":"Conoce el Decreto Supremo N\u00b0148 (2003) el cual fija los criterios de Hidronor chile para la clasificaci\u00f3n y an\u00e1lisis de los residuos como peligrosos.","robots":{"index":"index","follow":"follow","max-snippet":"max-snippet:-1","max-image-preview":"max-image-preview:large","max-video-preview":"max-video-preview:-1"},"canonical":"https:\/\/www.hidronor.cl\/en\/decreto-supremo\/","og_locale":"en_GB","og_type":"article","og_title":"DECRETO SUPREMO N\u00b0 148 (2003) - Hidronor","og_description":"Conoce el Decreto Supremo N\u00b0148 (2003) el cual fija los criterios de Hidronor chile para la clasificaci\u00f3n y an\u00e1lisis de los residuos como peligrosos.","og_url":"https:\/\/www.hidronor.cl\/en\/decreto-supremo\/","og_site_name":"Hidronor","article_modified_time":"2015-05-10T04:18:34+00:00","og_image":[{"width":700,"height":446,"url":"https:\/\/www.hidronor.cl\/hidronor\/wp-content\/uploads\/2014\/03\/decreto_supremo1.jpg","type":"image\/jpeg"}],"schema":{"@context":"https:\/\/schema.org","@graph":[{"@type":["Article","BlogPosting"],"@id":"https:\/\/www.hidronor.cl\/decreto-supremo\/#article","isPartOf":{"@id":"https:\/\/www.hidronor.cl\/decreto-supremo\/"},"author":{"name":"Carlos Cisternas","@id":"https:\/\/www.hidronor.cl\/#\/schema\/person\/dbfcc05e6afc0d69ed28244083d173b1"},"headline":"DECRETO SUPREMO N\u00b0 148 (2003)","datePublished":"2014-03-18T15:37:15+00:00","dateModified":"2015-05-10T04:18:34+00:00","mainEntityOfPage":{"@id":"https:\/\/www.hidronor.cl\/decreto-supremo\/"},"wordCount":83,"publisher":{"@id":"https:\/\/www.hidronor.cl\/#organization"},"image":{"@id":"https:\/\/www.hidronor.cl\/decreto-supremo\/#primaryimage"},"thumbnailUrl":"https:\/\/www.hidronor.cl\/hidronor\/wp-content\/uploads\/2014\/03\/decreto_supremo1.jpg","inLanguage":"en-GB"},{"@type":"WebPage","@id":"https:\/\/www.hidronor.cl\/decreto-supremo\/","url":"https:\/\/www.hidronor.cl\/decreto-supremo\/","name":"DECRETO SUPREMO N\u00b0 148 (2003) - Hidronor","isPartOf":{"@id":"https:\/\/www.hidronor.cl\/#website"},"primaryImageOfPage":{"@id":"https:\/\/www.hidronor.cl\/decreto-supremo\/#primaryimage"},"image":{"@id":"https:\/\/www.hidronor.cl\/decreto-supremo\/#primaryimage"},"thumbnailUrl":"https:\/\/www.hidronor.cl\/hidronor\/wp-content\/uploads\/2014\/03\/decreto_supremo1.jpg","datePublished":"2014-03-18T15:37:15+00:00","dateModified":"2015-05-10T04:18:34+00:00","description":"Conoce el Decreto Supremo N\u00b0148 (2003) el cual fija los criterios de Hidronor chile para la clasificaci\u00f3n y an\u00e1lisis de los residuos como peligrosos.","breadcrumb":{"@id":"https:\/\/www.hidronor.cl\/decreto-supremo\/#breadcrumb"},"inLanguage":"en-GB","potentialAction":[{"@type":"ReadAction","target":["https:\/\/www.hidronor.cl\/decreto-supremo\/"]}]},{"@type":"ImageObject","inLanguage":"en-GB","@id":"https:\/\/www.hidronor.cl\/decreto-supremo\/#primaryimage","url":"https:\/\/www.hidronor.cl\/hidronor\/wp-content\/uploads\/2014\/03\/decreto_supremo1.jpg","contentUrl":"https:\/\/www.hidronor.cl\/hidronor\/wp-content\/uploads\/2014\/03\/decreto_supremo1.jpg","width":700,"height":446,"caption":"decretos supremo 148"},{"@type":"BreadcrumbList","@id":"https:\/\/www.hidronor.cl\/decreto-supremo\/#breadcrumb","itemListElement":[{"@type":"ListItem","position":1,"name":"Home","item":"https:\/\/www.hidronor.cl\/"},{"@type":"ListItem","position":2,"name":"DECRETO SUPREMO N\u00b0 148 (2003)"}]},{"@type":"WebSite","@id":"https:\/\/www.hidronor.cl\/#website","url":"https:\/\/www.hidronor.cl\/","name":"Hidronor","description":"Especialistas en Tratamiento de Residuos Industriales","publisher":{"@id":"https:\/\/www.hidronor.cl\/#organization"},"alternateName":"Hidronor","potentialAction":[{"@type":"SearchAction","target":{"@type":"EntryPoint","urlTemplate":"https:\/\/www.hidronor.cl\/?s={search_term_string}"},"query-input":{"@type":"PropertyValueSpecification","valueRequired":true,"valueName":"search_term_string"}}],"inLanguage":"en-GB"},{"@type":"Organization","@id":"https:\/\/www.hidronor.cl\/#organization","name":"Hidronor - Especialistas en gesti\u00f3n y tratamiento de Residuos","alternateName":"Hidronor","url":"https:\/\/www.hidronor.cl\/","logo":{"@type":"ImageObject","inLanguage":"en-GB","@id":"https:\/\/www.hidronor.cl\/#\/schema\/logo\/image\/","url":"https:\/\/www.hidronor.cl\/hidronor\/wp-content\/uploads\/2022\/12\/Hidronor-1.png","contentUrl":"https:\/\/www.hidronor.cl\/hidronor\/wp-content\/uploads\/2022\/12\/Hidronor-1.png","width":1230,"height":650,"caption":"Hidronor - Especialistas en gesti\u00f3n y tratamiento de Residuos"},"image":{"@id":"https:\/\/www.hidronor.cl\/#\/schema\/logo\/image\/"},"sameAs":["https:\/\/www.youtube.com\/channel\/UCabqS9jT4mTFEIT_Zv8mFCg\/videos","https:\/\/www.linkedin.com\/company\/hidronor\/","https:\/\/www.instagram.com\/hidronor_chile\/"]},{"@type":"Person","@id":"https:\/\/www.hidronor.cl\/#\/schema\/person\/dbfcc05e6afc0d69ed28244083d173b1","name":"Carlos Cisternas","image":{"@type":"ImageObject","inLanguage":"en-GB","@id":"https:\/\/www.hidronor.cl\/#\/schema\/person\/image\/","url":"https:\/\/secure.gravatar.com\/avatar\/ea8b18f7dc8d4f58bbca62082909fc2fac713c687a15602e85ca6d9da8e0ec21?s=96&d=mm&r=g","contentUrl":"https:\/\/secure.gravatar.com\/avatar\/ea8b18f7dc8d4f58bbca62082909fc2fac713c687a15602e85ca6d9da8e0ec21?s=96&d=mm&r=g","caption":"Carlos Cisternas"},"sameAs":["https:\/\/www.hidronor.cl"]}]}},"_links":{"self":[{"href":"https:\/\/www.hidronor.cl\/en\/wp-json\/wp\/v2\/pages\/714","targetHints":{"allow":["GET"]}}],"collection":[{"href":"https:\/\/www.hidronor.cl\/en\/wp-json\/wp\/v2\/pages"}],"about":[{"href":"https:\/\/www.hidronor.cl\/en\/wp-json\/wp\/v2\/types\/page"}],"author":[{"embeddable":true,"href":"https:\/\/www.hidronor.cl\/en\/wp-json\/wp\/v2\/users\/7"}],"replies":[{"embeddable":true,"href":"https:\/\/www.hidronor.cl\/en\/wp-json\/wp\/v2\/comments?post=714"}],"version-history":[{"count":0,"href":"https:\/\/www.hidronor.cl\/en\/wp-json\/wp\/v2\/pages\/714\/revisions"}],"wp:featuredmedia":[{"embeddable":true,"href":"https:\/\/www.hidronor.cl\/en\/wp-json\/wp\/v2\/media\/1776"}],"wp:attachment":[{"href":"https:\/\/www.hidronor.cl\/en\/wp-json\/wp\/v2\/media?parent=714"}],"curies":[{"name":"wp","href":"https:\/\/api.w.org\/{rel}","templated":true}]}}